{"id":72,"date":"2026-03-27T11:10:37","date_gmt":"2026-03-27T04:10:37","guid":{"rendered":"http:\/\/localhost\/cctravelesthetic\/danh-gia\/"},"modified":"2026-03-27T12:20:01","modified_gmt":"2026-03-27T05:20:01","slug":"danh-gia","status":"publish","type":"page","link":"https:\/\/cctravelesthetic.com\/vi\/danh-gia\/","title":{"rendered":"\u0110\u00e1nh gi\u00e1"},"content":{"rendered":"\n<figure class=\"wp-block-embed is-type-video is-provider-youtube wp-block-embed-youtube wp-embed-aspect-16-9 wp-has-aspect-ratio\"><div class=\"wp-block-embed__wrapper\">\n<iframe title=\"How Exosomes Grow Hair - HOW TO SERIES\" width=\"1290\" height=\"726\" src=\"https:\/\/www.youtube.com\/embed\/bqMWgxL4094?feature=oembed\" frameborder=\"0\" allow=\"accelerometer; autoplay; clipboard-write; encrypted-media; gyroscope; picture-in-picture; web-share\" referrerpolicy=\"strict-origin-when-cross-origin\" allowfullscreen><\/iframe>\n<\/div><\/figure>\n","protected":false},"excerpt":{"rendered":"","protected":false},"author":1,"featured_media":0,"parent":0,"menu_order":0,"comment_status":"closed","ping_status":"closed","template":"","meta":{"footnotes":""},"class_list":["post-72","page","type-page","status-publish","hentry"],"blocksy_meta":[],"jetpack_sharing_enabled":true,"_links":{"self":[{"href":"https:\/\/cctravelesthetic.com\/vi\/wp-json\/wp\/v2\/pages\/72","targetHints":{"allow":["GET"]}}],"collection":[{"href":"https:\/\/cctravelesthetic.com\/vi\/wp-json\/wp\/v2\/pages"}],"about":[{"href":"https:\/\/cctravelesthetic.com\/vi\/wp-json\/wp\/v2\/types\/page"}],"author":[{"embeddable":true,"href":"https:\/\/cctravelesthetic.com\/vi\/wp-json\/wp\/v2\/users\/1"}],"replies":[{"embeddable":true,"href":"https:\/\/cctravelesthetic.com\/vi\/wp-json\/wp\/v2\/comments?post=72"}],"version-history":[{"count":1,"href":"https:\/\/cctravelesthetic.com\/vi\/wp-json\/wp\/v2\/pages\/72\/revisions"}],"predecessor-version":[{"id":73,"href":"https:\/\/cctravelesthetic.com\/vi\/wp-json\/wp\/v2\/pages\/72\/revisions\/73"}],"wp:attachment":[{"href":"https:\/\/cctravelesthetic.com\/vi\/wp-json\/wp\/v2\/media?parent=72"}],"curies":[{"name":"wp","href":"https:\/\/api.w.org\/{rel}","templated":true}]}}