{"id":36,"date":"2026-03-23T03:07:27","date_gmt":"2026-03-22T20:07:27","guid":{"rendered":"http:\/\/localhost\/cctravelesthetic\/gioi-thieu-cong-ty\/"},"modified":"2026-03-27T12:21:31","modified_gmt":"2026-03-27T05:21:31","slug":"gioi-thieu-cong-ty","status":"publish","type":"page","link":"https:\/\/cctravelesthetic.com\/vi\/gioi-thieu-cong-ty\/","title":{"rendered":"Gi\u1edbi thi\u1ec7u"},"content":{"rendered":"\n<h4 class=\"wp-block-heading\">Qu\u00e1 tr\u00ecnh h\u00ecnh th\u00e0nh<\/h4>\n\n<p><strong>CC TRAVEL AND ESTHETIC SERVICES LLC. (CTES) <\/strong>was established with a strategic focus on aesthetics, personal care, and modern lifestyle support services, with the aim of meeting the increasingly diverse needs of customers in beauty enhancement, health care, and quality of life improvement. <\/p>\n\n<p>Trong qu\u00e1 tr\u00ecnh ph\u00e1t tri\u1ec3n, CTES t\u1eebng b\u01b0\u1edbc m\u1edf r\u1ed9ng \u0111\u1ecbnh h\u01b0\u1edbng ho\u1ea1t \u0111\u1ed9ng theo h\u01b0\u1edbng ch\u1ecdn l\u1ecdc v\u00e0 t\u00edch h\u1ee3p h\u01a1n. T\u1eeb n\u1ec1n t\u1ea3ng d\u1ecbch v\u1ee5 th\u1ea9m m\u1ef9 v\u00e0 ch\u0103m s\u00f3c c\u00e1 nh\u00e2n, c\u00f4ng ty d\u1ea7n k\u1ebft h\u1ee3p th\u00eam c\u00e1c d\u00f2ng s\u1ea3n ph\u1ea9m v\u00e0 gi\u1ea3i ph\u00e1p l\u1ea5y c\u1ea3m h\u1ee9ng t\u1eeb xu h\u01b0\u1edbng ch\u0103m s\u00f3c s\u1ee9c kh\u1ecfe hi\u1ec7n \u0111\u1ea1i, t\u00e1i t\u1ea1o v\u00e0 h\u1ed7 tr\u1ee3 chuy\u1ec3n h\u00f3a, qua \u0111\u00f3 h\u00ecnh th\u00e0nh n\u00ean m\u00f4 h\u00ecnh ho\u1ea1t \u0111\u1ed9ng g\u1eafn k\u1ebft gi\u1eefa v\u1ebb \u0111\u1eb9p, s\u1ee9c kh\u1ecfe v\u00e0 tr\u1ea3i nghi\u1ec7m s\u1ed1ng ch\u1ea5t l\u01b0\u1ee3ng. <\/p>\n\n<h4 class=\"wp-block-heading\">\u0110\u1ecbnh h\u01b0\u1edbng ph\u00e1t tri\u1ec3n<\/h4>\n\n<p>L\u1ea5y c\u1ea3m h\u1ee9ng t\u1eeb c\u00e1c xu h\u01b0\u1edbng m\u1edbi trong l\u0129nh v\u1ef1c ch\u0103m s\u00f3c s\u1ee9c kh\u1ecfe hi\u1ec7n \u0111\u1ea1i v\u00e0 khoa h\u1ecdc \u1ee9ng d\u1ee5ng, CTES ph\u00e1t tri\u1ec3n theo h\u01b0\u1edbng k\u1ebft h\u1ee3p nh\u1eefng gi\u00e1 tr\u1ecb ti\u00ean ti\u1ebfn v\u00e0o h\u1ec7 sinh th\u00e1i d\u1ecbch v\u1ee5 c\u1ee7a m\u00ecnh. Thay v\u00ec ch\u1ec9 d\u1eebng l\u1ea1i \u1edf c\u00e1c gi\u1ea3i ph\u00e1p l\u00e0m \u0111\u1eb9p truy\u1ec1n th\u1ed1ng, c\u00f4ng ty h\u01b0\u1edbng \u0111\u1ebfn m\u00f4 h\u00ecnh to\u00e0n di\u1ec7n h\u01a1n, n\u01a1i kh\u00e1ch h\u00e0ng c\u00f3 th\u1ec3 ti\u1ebfp c\u1eadn \u0111\u1ed3ng th\u1eddi c\u00e1c s\u1ea3n ph\u1ea9m h\u1ed7 tr\u1ee3 ch\u0103m s\u00f3c c\u01a1 th\u1ec3, c\u1ea3i thi\u1ec7n th\u1ec3 tr\u1ea1ng v\u00e0 n\u00e2ng cao s\u1ef1 t\u1ef1 tin trong cu\u1ed9c s\u1ed1ng h\u1eb1ng ng\u00e0y. <\/p>\n\n<p>Based on this direction, <strong>CC TRAVEL AND ESTHETIC SERVICES LLC.<\/strong> has gradually built its image as a brand capable of connecting aesthetic services, personalized experiences, and modern care products. CTES\u2019s product and service orientation is formed through the integration of solutions related to regenerative care, body support, and modern health care trends, giving customers more options that are aligned with their practical needs. <\/p>\n\n<p><\/p>\n","protected":false},"excerpt":{"rendered":"<p>Qu\u00e1 tr\u00ecnh h\u00ecnh th\u00e0nh CC TRAVEL AND ESTHETIC SERVICES LLC. (CTES) was established with a strategic focus on aesthetics, personal care, and modern lifestyle support services, with the aim of meeting the increasingly diverse needs of customers in beauty enhancement, health care, and quality of life improvement. Trong qu\u00e1 tr\u00ecnh ph\u00e1t tri\u1ec3n, CTES t\u1eebng b\u01b0\u1edbc [&hellip;]<\/p>\n","protected":false},"author":1,"featured_media":0,"parent":0,"menu_order":0,"comment_status":"closed","ping_status":"closed","template":"","meta":{"footnotes":""},"class_list":["post-36","page","type-page","status-publish","hentry"],"blocksy_meta":[],"jetpack_sharing_enabled":true,"_links":{"self":[{"href":"https:\/\/cctravelesthetic.com\/vi\/wp-json\/wp\/v2\/pages\/36","targetHints":{"allow":["GET"]}}],"collection":[{"href":"https:\/\/cctravelesthetic.com\/vi\/wp-json\/wp\/v2\/pages"}],"about":[{"href":"https:\/\/cctravelesthetic.com\/vi\/wp-json\/wp\/v2\/types\/page"}],"author":[{"embeddable":true,"href":"https:\/\/cctravelesthetic.com\/vi\/wp-json\/wp\/v2\/users\/1"}],"replies":[{"embeddable":true,"href":"https:\/\/cctravelesthetic.com\/vi\/wp-json\/wp\/v2\/comments?post=36"}],"version-history":[{"count":4,"href":"https:\/\/cctravelesthetic.com\/vi\/wp-json\/wp\/v2\/pages\/36\/revisions"}],"predecessor-version":[{"id":77,"href":"https:\/\/cctravelesthetic.com\/vi\/wp-json\/wp\/v2\/pages\/36\/revisions\/77"}],"wp:attachment":[{"href":"https:\/\/cctravelesthetic.com\/vi\/wp-json\/wp\/v2\/media?parent=36"}],"curies":[{"name":"wp","href":"https:\/\/api.w.org\/{rel}","templated":true}]}}